{"id":15846,"date":"2023-03-02T15:11:44","date_gmt":"2023-03-02T13:11:44","guid":{"rendered":"https:\/\/www.sofor.fi\/ratkaisut\/"},"modified":"2025-11-17T11:37:00","modified_gmt":"2025-11-17T09:37:00","slug":"solutions-2","status":"publish","type":"page","link":"https:\/\/www.sofor.fi\/en\/solutions-2\/","title":{"rendered":"Solutions"},"content":{"rendered":"\n<div id=\"columns-block_7f6c730db372798f4f9add158f7b4ff6\" class=\"block block--columns white-background-color  padding\" >\n\t<div class=\"grid-container one-column\">\n\t\t\t\t<div class=\"columns-grid one-column\">\n\t\t\t\t\t\t\t<div class=\"columns-grid__item\">\n\t\t\t\t\t\t\t\t\t\t\n\t\t\t\t\t\t\t\t\n\t\t\t\t\t\t\t\t\t\t\t\t\t\t\t\t\t\t<div class=\"block block--text-area lead\">\n\t\t\t\t\t\t<p style=\"text-align: center;\">No one can succeed alone, which is why we are here to support you in enhancing your practices and processes &#8211; from increasing sales and streamlining production to boosting employee productivity. <strong>How can we help?<\/strong><\/p>\n\t\t\t\t\t<\/div>\n\t\t\t\t\n\t\t\t\t\t\t\t\t\n\t\t\t\t\t\t\t\t\n\t\t\t\t\t\t\t\t\n\t\t\t\t\t\t\t\t\n\t\t\t\t\t\t\t\t\n\t\t\t\t\t\t\t\t\n\t\t\t\t\t\t\t\t\n\t\t\t\t\t\t\t\t\n\t\t\t\t\t\t\t\t\n\t\t\t\t\t\t\t\n\t\t\t\t\t\t\t\t\n\t\t\t\t\t\t\t\t\n\t\t\t\t\t\t\t\t\t\t\t\t\t\t\t\t\t\t\t\t\t\t\t   <div class=\"button-container\">\n\t\t\t\t\t\t\t\t\t\t<a href=\"https:\/\/www.sofor.fi\/en\/?page_id=5385\" \n\t\t\t\t\tclass=\"block block--button button--orange\"\n\t\t\t\t\ttarget=\"\"\n\t\t\t\t\t>Why Sofor?<\/a>\n\t\t\t\t\t\t\t\t\t\t   <\/div>\n\t\t\t\t\t\t\t\t\t\n\t\t\t\t\t\t\t\t\n\t\t\t\t\t\t\t\t\n\t\t\t\t\t\t\t\t\n\t\t\t\t\t\t\t\t\n\t\t\t\t\t\t\t\t\n\t\t\t\t\t\t\t\t\n\t\t\t\t\t\t\t\t\n\t\t\t\t\t\t\t\t\n\t\t\t\t\t\t\t\t<\/div>\n\t\t\t\t\t<\/div>\n\t<\/div>\n<\/div>\n\n\n\n<div id=\"columns-block_0de6756bcef13c06a56de6a6affaa939\" class=\"block block--columns white-background-color  remove-top-bottom-padding\" >\n\t<div class=\"grid-container one-column\">\n\t\t\t\t\t<h2 class=\"block-title align-center\">Sofor&#8217;s experts at your service<\/h2>\n\t\t\t\t<div class=\"columns-grid one-column\">\n\t\t\t\t\t\t\t<div class=\"columns-grid__item\">\n\t\t\t\t\t\t\t\t\t\t\t<\/div>\n\t\t\t\t\t<\/div>\n\t<\/div>\n<\/div>\n\n\n<div id=\"featured-pages-block_90dff7a1bf9bcbd5a5c4644c47dd0dd0\" class=\"block block--featured-pages white-background-color \">\n\t\t\t\n\t\t<div class=\"featured-pages-grid\">\n\n\t\t\n\t\t\t<div class=\"featured-pages-grid__item two-posts-per-row white-background-color has-bg-image align-left\" \n\t\t\t\t\t\t\t\t\t\t\t\t\t\t\t \t\t\t\t style=\"background-image: url(https:\/\/www.sofor.fi\/wp-content\/uploads\/2020\/05\/Sofor-kuva-34.jpg);\" >\n\t\t\t\t<div class=\"content align-left\">\n\t\t\t\t\t \t\t\t\t\t\t<h3>AI-Assisted Solutions<\/h3>\n\t\t\t\t\t\t\t\t\t\t\t\t\t\t\t\t<p>Practical implementations to automate and assist your decision-making. If needed, we will tailor or build solutions that fit your needs.<\/p>\n\t\t\t\t\t\t\t\t\t\t<a class=\"button button--corners\" href=\"https:\/\/www.sofor.fi\/en\/ai-assisted-solutions\/\">AI-Assisted Solutions<\/a>\n\t\t\t\t\t<a class=\"full-size-link\" href=\"https:\/\/www.sofor.fi\/en\/ai-assisted-solutions\/\"><\/a>\n\t\t\t\t<\/div>\n\t\t\t<\/div>\n\n\t\t\n\t\t\t<div class=\"featured-pages-grid__item two-posts-per-row white-background-color has-bg-image align-left\" \n\t\t\t\t\t\t\t\t\t\t\t\t\t\t\t \t\t\t\t style=\"background-image: url(https:\/\/www.sofor.fi\/wp-content\/uploads\/2020\/05\/sofor-va\u0308ri-76-CROP.jpg);\" >\n\t\t\t\t<div class=\"content align-left\">\n\t\t\t\t\t \t\t\t\t\t\t<h3>Software Development and Maintenance<\/h3>\n\t\t\t\t\t\t\t\t\t\t\t\t\t\t\t\t<p>We take responsibility for the maintenance, development, and modernization of your applications so that they are always up to date. We free up your valuable time and transform the way you work.<\/p>\n\t\t\t\t\t\t\t\t\t\t<a class=\"button button--corners\" href=\"https:\/\/www.sofor.fi\/en\/software-development-and-maintenance\/\">Software Development and Maintenance<\/a>\n\t\t\t\t\t<a class=\"full-size-link\" href=\"https:\/\/www.sofor.fi\/en\/software-development-and-maintenance\/\"><\/a>\n\t\t\t\t<\/div>\n\t\t\t<\/div>\n\n\t\t\n\t\t\t<div class=\"featured-pages-grid__item two-posts-per-row white-background-color has-bg-image align-left\" \n\t\t\t\t\t\t\t\t\t\t\t\t\t\t\t \t\t\t\t style=\"background-image: url(https:\/\/www.sofor.fi\/wp-content\/uploads\/2021\/01\/vari-14-scaled.jpg);\" >\n\t\t\t\t<div class=\"content align-left\">\n\t\t\t\t\t \t\t\t\t\t\t<h3>Managed Remote Desktops<\/h3>\n\t\t\t\t\t\t\t\t\t\t\t\t\t\t\t\t<p>A virtual desktop provides a smooth user experience even on lightweight endpoint devices, including applications that require heavy GPU computing. The data remains secure in the data center and never transfers to the endpoint device.<\/p>\n\t\t\t\t\t\t\t\t\t\t<a class=\"button button--corners\" href=\"https:\/\/www.sofor.fi\/en\/managed-remote-desktops\/\">Managed Remote Desktops<\/a>\n\t\t\t\t\t<a class=\"full-size-link\" href=\"https:\/\/www.sofor.fi\/en\/managed-remote-desktops\/\"><\/a>\n\t\t\t\t<\/div>\n\t\t\t<\/div>\n\n\t\t\n\t\t\t<div class=\"featured-pages-grid__item two-posts-per-row white-background-color has-bg-image align-left\" \n\t\t\t\t\t\t\t\t\t\t\t\t\t\t\t \t\t\t\t style=\"background-image: url(https:\/\/www.sofor.fi\/wp-content\/uploads\/2021\/01\/vari-153-scaled.jpg);\" >\n\t\t\t\t<div class=\"content align-left\">\n\t\t\t\t\t \t\t\t\t\t\t<h3>IT-infrastructure services<\/h3>\n\t\t\t\t\t\t\t\t\t\t\t\t\t\t\t\t<p>Managed IT infrastructure services for businesses of all sizes. One point of contact, one provider, one customer experience.<\/p>\n\t\t\t\t\t\t\t\t\t\t<a class=\"button button--corners\" href=\"https:\/\/www.sofor.fi\/en\/it-infrastructure-services\/\">IT Infrastructure Services<\/a>\n\t\t\t\t\t<a class=\"full-size-link\" href=\"https:\/\/www.sofor.fi\/en\/it-infrastructure-services\/\"><\/a>\n\t\t\t\t<\/div>\n\t\t\t<\/div>\n\n\t\t\n\t\t<\/div>\n\n\t<\/div>\n\n\n<div id=\"featured-pages-block_d4f453bd6bcd60a82d3474001ed3e64b\" class=\"block block--featured-pages white-background-color \">\n\t<\/div>\n\n\n\n<div id=\"blank-space-block_a94b2e514a05aabae80a51e2e0b52545\" class=\"block--blank-space blank-space--less white-background-color\">\n\t<!-- Awesome blank space block -->\n<\/div>\n\n\n\n<div id=\"staff-block_1c1e9724877f032701794d94484acbc7\" class=\"block block--staff-grid white-background-color\">\n\t<div class=\"grid-container\">\n\t\t<div class=\"top\">\n\t\t\t\t\t\t\t<h2 class=\"align-center\">How can we assist you?<\/h2>\n\t\t\t\t\t\t\t\t\t\t<p class=\"align-center\">Sofor&#8217;s expertise lies in finding areas for improvement where the client might not have thought to look. Shall we sit down and talk?<\/p>\n\t\t\t\t\t<\/div>\n\t\t\t\t\t<div class=\"staff-grid align-center\">\n\t\t\t\t\t\t\t\t\t\t\t\n\t\t\t\t<div class=\"staff-grid__item\">\n\t\t\t\t\t<div class=\"item-left\">\n\t\t\t\t\t\t<div class=\"staff-image\" style=\"background-image: url(https:\/\/www.sofor.fi\/wp-content\/uploads\/2020\/05\/jukka-suur-inkeroinen.jpg)\";>\n\t\t\t\t\t\t<\/div>\n\t\t\t\t\t<\/div>\n\t\t\t\t\t<div class=\"item-right\">\n\t\t\t\t\t\t<h3 class=\"name\">Jukka Suur-Inkeroinen<\/h3>\n\t\t\t\t\t\t\t\t\t\t\t\t\t<p class=\"title\">Account Manager<\/p>\n\t\t\t\t\t\t\t\t\t\t\t\t\t\t\t\t\t\t\t<button class=\"button button--corners callback-modal-open\" data-open=\"callback-modal\" data-name=\"Jukka Suur-Inkeroinen\" data-title=\"Account Manager\" data-phone=\"+358 50 384 3324\" data-image-src=\"https:\/\/www.sofor.fi\/wp-content\/uploads\/2020\/05\/jukka-suur-inkeroinen.jpg\" data-email=\"jukka.suur-inkeroinen@sofor.fi\" data-emails=\"jukka.suur-inkeroinen@sofor.fi,info@sofor.fi,sales@sofor.fi\">Contact<\/button>\n\t\t\t\t\t\t\t\t\t\t\t\t\n\t\t\t\t\t\t\n\t\t\t\t\t\t\n\t\t\t\t\t\t\n\t\t\t\t\t\t\n\t\t\t\t\t\t\t\t\t\t\t<\/div>\n\t\t\t\t<\/div>\n\t\t\t\t\t\t<\/div>\n\t\t\t\t\t\t\t\n\t<\/div>\n<\/div>\n\n","protected":false},"excerpt":{"rendered":"","protected":false},"author":16,"featured_media":1206,"parent":0,"menu_order":0,"comment_status":"closed","ping_status":"closed","template":"","meta":{"_acf_changed":false,"footnotes":""},"class_list":["post-15846","page","type-page","status-publish","has-post-thumbnail","hentry"],"acf":[],"yoast_head":"<!-- This site is optimized with the Yoast SEO plugin v27.2 - https:\/\/yoast.com\/product\/yoast-seo-wordpress\/ -->\n<title>Solutions - Sofor<\/title>\n<meta name=\"description\" content=\"Yhdist\u00e4mme analytiikan, teko\u00e4lyn, digitalisoinnin ja tietoj\u00e4rjestelmien hallinnoinnin tehokkaalla tavalla tavoitteena asiakashy\u00f6ty.\" \/>\n<meta name=\"robots\" content=\"index, follow, max-snippet:-1, max-image-preview:large, max-video-preview:-1\" \/>\n<link rel=\"canonical\" href=\"https:\/\/www.sofor.fi\/en\/solutions-2\/\" \/>\n<meta property=\"og:locale\" content=\"en_US\" \/>\n<meta property=\"og:type\" content=\"article\" \/>\n<meta property=\"og:title\" content=\"Solutions - Sofor\" \/>\n<meta property=\"og:description\" content=\"Yhdist\u00e4mme analytiikan, teko\u00e4lyn, digitalisoinnin ja tietoj\u00e4rjestelmien hallinnoinnin tehokkaalla tavalla tavoitteena asiakashy\u00f6ty.\" \/>\n<meta property=\"og:url\" content=\"https:\/\/www.sofor.fi\/en\/solutions-2\/\" \/>\n<meta property=\"og:site_name\" content=\"Sofor\" \/>\n<meta property=\"article:modified_time\" content=\"2025-11-17T09:37:00+00:00\" \/>\n<meta property=\"og:image\" content=\"https:\/\/www.sofor.fi\/wp-content\/uploads\/2020\/05\/sofor-va\u0308ri-76-CROP.jpg\" \/>\n\t<meta property=\"og:image:width\" content=\"2000\" \/>\n\t<meta property=\"og:image:height\" content=\"812\" \/>\n\t<meta property=\"og:image:type\" content=\"image\/jpeg\" \/>\n<meta name=\"twitter:card\" content=\"summary_large_image\" \/>\n<meta name=\"twitter:label1\" content=\"Est. reading time\" \/>\n\t<meta name=\"twitter:data1\" content=\"1 minute\" \/>\n<script type=\"application\/ld+json\" class=\"yoast-schema-graph\">{\"@context\":\"https:\/\/schema.org\",\"@graph\":[{\"@type\":\"WebPage\",\"@id\":\"https:\/\/www.sofor.fi\/en\/solutions-2\/\",\"url\":\"https:\/\/www.sofor.fi\/en\/solutions-2\/\",\"name\":\"Solutions - Sofor\",\"isPartOf\":{\"@id\":\"https:\/\/www.sofor.fi\/#website\"},\"primaryImageOfPage\":{\"@id\":\"https:\/\/www.sofor.fi\/en\/solutions-2\/#primaryimage\"},\"image\":{\"@id\":\"https:\/\/www.sofor.fi\/en\/solutions-2\/#primaryimage\"},\"thumbnailUrl\":\"https:\/\/www.sofor.fi\/wp-content\/uploads\/2020\/05\/sofor-va\u0308ri-76-CROP.jpg\",\"datePublished\":\"2023-03-02T13:11:44+00:00\",\"dateModified\":\"2025-11-17T09:37:00+00:00\",\"description\":\"Yhdist\u00e4mme analytiikan, teko\u00e4lyn, digitalisoinnin ja tietoj\u00e4rjestelmien hallinnoinnin tehokkaalla tavalla tavoitteena asiakashy\u00f6ty.\",\"breadcrumb\":{\"@id\":\"https:\/\/www.sofor.fi\/en\/solutions-2\/#breadcrumb\"},\"inLanguage\":\"en-US\",\"potentialAction\":[{\"@type\":\"ReadAction\",\"target\":[\"https:\/\/www.sofor.fi\/en\/solutions-2\/\"]}]},{\"@type\":\"ImageObject\",\"inLanguage\":\"en-US\",\"@id\":\"https:\/\/www.sofor.fi\/en\/solutions-2\/#primaryimage\",\"url\":\"https:\/\/www.sofor.fi\/wp-content\/uploads\/2020\/05\/sofor-va\u0308ri-76-CROP.jpg\",\"contentUrl\":\"https:\/\/www.sofor.fi\/wp-content\/uploads\/2020\/05\/sofor-va\u0308ri-76-CROP.jpg\",\"width\":2000,\"height\":812},{\"@type\":\"BreadcrumbList\",\"@id\":\"https:\/\/www.sofor.fi\/en\/solutions-2\/#breadcrumb\",\"itemListElement\":[{\"@type\":\"ListItem\",\"position\":1,\"name\":\"Home\",\"item\":\"https:\/\/www.sofor.fi\/en\/\"},{\"@type\":\"ListItem\",\"position\":2,\"name\":\"Solutions\"}]},{\"@type\":\"WebSite\",\"@id\":\"https:\/\/www.sofor.fi\/#website\",\"url\":\"https:\/\/www.sofor.fi\/\",\"name\":\"Sofor\",\"description\":\"\",\"potentialAction\":[{\"@type\":\"SearchAction\",\"target\":{\"@type\":\"EntryPoint\",\"urlTemplate\":\"https:\/\/www.sofor.fi\/?s={search_term_string}\"},\"query-input\":{\"@type\":\"PropertyValueSpecification\",\"valueRequired\":true,\"valueName\":\"search_term_string\"}}],\"inLanguage\":\"en-US\"}]}<\/script>\n<!-- \/ Yoast SEO plugin. -->","yoast_head_json":{"title":"Solutions - Sofor","description":"Yhdist\u00e4mme analytiikan, teko\u00e4lyn, digitalisoinnin ja tietoj\u00e4rjestelmien hallinnoinnin tehokkaalla tavalla tavoitteena asiakashy\u00f6ty.","robots":{"index":"index","follow":"follow","max-snippet":"max-snippet:-1","max-image-preview":"max-image-preview:large","max-video-preview":"max-video-preview:-1"},"canonical":"https:\/\/www.sofor.fi\/en\/solutions-2\/","og_locale":"en_US","og_type":"article","og_title":"Solutions - Sofor","og_description":"Yhdist\u00e4mme analytiikan, teko\u00e4lyn, digitalisoinnin ja tietoj\u00e4rjestelmien hallinnoinnin tehokkaalla tavalla tavoitteena asiakashy\u00f6ty.","og_url":"https:\/\/www.sofor.fi\/en\/solutions-2\/","og_site_name":"Sofor","article_modified_time":"2025-11-17T09:37:00+00:00","og_image":[{"width":2000,"height":812,"url":"https:\/\/www.sofor.fi\/wp-content\/uploads\/2020\/05\/sofor-va\u0308ri-76-CROP.jpg","type":"image\/jpeg"}],"twitter_card":"summary_large_image","twitter_misc":{"Est. reading time":"1 minute"},"schema":{"@context":"https:\/\/schema.org","@graph":[{"@type":"WebPage","@id":"https:\/\/www.sofor.fi\/en\/solutions-2\/","url":"https:\/\/www.sofor.fi\/en\/solutions-2\/","name":"Solutions - Sofor","isPartOf":{"@id":"https:\/\/www.sofor.fi\/#website"},"primaryImageOfPage":{"@id":"https:\/\/www.sofor.fi\/en\/solutions-2\/#primaryimage"},"image":{"@id":"https:\/\/www.sofor.fi\/en\/solutions-2\/#primaryimage"},"thumbnailUrl":"https:\/\/www.sofor.fi\/wp-content\/uploads\/2020\/05\/sofor-va\u0308ri-76-CROP.jpg","datePublished":"2023-03-02T13:11:44+00:00","dateModified":"2025-11-17T09:37:00+00:00","description":"Yhdist\u00e4mme analytiikan, teko\u00e4lyn, digitalisoinnin ja tietoj\u00e4rjestelmien hallinnoinnin tehokkaalla tavalla tavoitteena asiakashy\u00f6ty.","breadcrumb":{"@id":"https:\/\/www.sofor.fi\/en\/solutions-2\/#breadcrumb"},"inLanguage":"en-US","potentialAction":[{"@type":"ReadAction","target":["https:\/\/www.sofor.fi\/en\/solutions-2\/"]}]},{"@type":"ImageObject","inLanguage":"en-US","@id":"https:\/\/www.sofor.fi\/en\/solutions-2\/#primaryimage","url":"https:\/\/www.sofor.fi\/wp-content\/uploads\/2020\/05\/sofor-va\u0308ri-76-CROP.jpg","contentUrl":"https:\/\/www.sofor.fi\/wp-content\/uploads\/2020\/05\/sofor-va\u0308ri-76-CROP.jpg","width":2000,"height":812},{"@type":"BreadcrumbList","@id":"https:\/\/www.sofor.fi\/en\/solutions-2\/#breadcrumb","itemListElement":[{"@type":"ListItem","position":1,"name":"Home","item":"https:\/\/www.sofor.fi\/en\/"},{"@type":"ListItem","position":2,"name":"Solutions"}]},{"@type":"WebSite","@id":"https:\/\/www.sofor.fi\/#website","url":"https:\/\/www.sofor.fi\/","name":"Sofor","description":"","potentialAction":[{"@type":"SearchAction","target":{"@type":"EntryPoint","urlTemplate":"https:\/\/www.sofor.fi\/?s={search_term_string}"},"query-input":{"@type":"PropertyValueSpecification","valueRequired":true,"valueName":"search_term_string"}}],"inLanguage":"en-US"}]}},"_links":{"self":[{"href":"https:\/\/www.sofor.fi\/en\/wp-json\/wp\/v2\/pages\/15846","targetHints":{"allow":["GET"]}}],"collection":[{"href":"https:\/\/www.sofor.fi\/en\/wp-json\/wp\/v2\/pages"}],"about":[{"href":"https:\/\/www.sofor.fi\/en\/wp-json\/wp\/v2\/types\/page"}],"author":[{"embeddable":true,"href":"https:\/\/www.sofor.fi\/en\/wp-json\/wp\/v2\/users\/16"}],"replies":[{"embeddable":true,"href":"https:\/\/www.sofor.fi\/en\/wp-json\/wp\/v2\/comments?post=15846"}],"version-history":[{"count":18,"href":"https:\/\/www.sofor.fi\/en\/wp-json\/wp\/v2\/pages\/15846\/revisions"}],"predecessor-version":[{"id":15869,"href":"https:\/\/www.sofor.fi\/en\/wp-json\/wp\/v2\/pages\/15846\/revisions\/15869"}],"wp:featuredmedia":[{"embeddable":true,"href":"https:\/\/www.sofor.fi\/en\/wp-json\/wp\/v2\/media\/1206"}],"wp:attachment":[{"href":"https:\/\/www.sofor.fi\/en\/wp-json\/wp\/v2\/media?parent=15846"}],"curies":[{"name":"wp","href":"https:\/\/api.w.org\/{rel}","templated":true}]}}